{"id":1189,"date":"2020-08-18T18:20:54","date_gmt":"2020-08-18T22:20:54","guid":{"rendered":"https:\/\/bbmlanctot.ca\/?page_id=1189"},"modified":"2024-04-22T21:13:46","modified_gmt":"2024-04-23T01:13:46","slug":"presse-rotative","status":"publish","type":"page","link":"https:\/\/bbmlanctot.ca\/english\/home-2\/presse-rotative\/","title":{"rendered":"<p>Presse Rotative<\/p>"},"content":{"rendered":"<div id=\"second-menu\" class=\"vc_row wpb_row vc_row-fluid edgtf-section container_height vc_custom_1557445241160 edgtf-content-aligment-left\" style=\"\"><div class=\"clearfix edgtf-full-section-inner\"><div class=\"wpb_column vc_column_container vc_col-sm-12 vc_hidden-md vc_hidden-sm vc_hidden-xs\"><div class=\"vc_column-inner\"><div class=\"wpb_wrapper\"><div data-edgtf-parallax-speed=\"1\" class=\"vc_row wpb_row vc_inner vc_row-fluid edgtf-section edgtf-content-aligment-left edgtf-grid-section\" style=\"\"><div class=\"edgtf-section-inner\"><div class=\"edgtf-section-inner-margin clearfix\"><div class=\"wpb_column vc_column_container vc_col-sm-2\"><div class=\"vc_column-inner\"><div class=\"wpb_wrapper\">\n\t<div class=\"wpb_text_column wpb_content_element  vc_custom_1610072755058\">\n\t\t<div class=\"wpb_wrapper\">\n\t\t\t<h1>PRESSE ROTATIVE<\/h1>\n\n\t\t<\/div>\n\t<\/div>\n<\/div><\/div><\/div><div class=\"wpb_column vc_column_container vc_col-sm-10 vc_hidden-sm vc_hidden-xs\"><div class=\"vc_column-inner\"><div class=\"wpb_wrapper\">\n\t<div class=\"wpb_raw_code wpb_content_element wpb_raw_html\">\n\t\t<div class=\"wpb_wrapper\">\n\t\t\t\n\t\t<\/div>\n\t<\/div>\n<\/div><\/div><\/div><\/div><\/div><\/div><\/div><\/div><\/div><\/div><div class=\"vc_row wpb_row vc_row-fluid edgtf-section container_height jumbotron vc_custom_1557445041191 edgtf-content-aligment-left\" style=\"\"><div class=\"clearfix edgtf-full-section-inner\"><div class=\"wpb_column vc_column_container vc_col-sm-12\"><div class=\"vc_column-inner\"><div class=\"wpb_wrapper\"><div data-edgtf-parallax-speed=\"1\" class=\"vc_row wpb_row vc_inner vc_row-fluid edgtf-section jumbotron_width vc_custom_1598391987049 edgtf-content-aligment-left edgtf-grid-section\" style=\"\"><div class=\"edgtf-section-inner\"><div class=\"edgtf-section-inner-margin clearfix\"><div class=\"box_size2 vertical-align-content content-max-width wpb_column vc_column_container vc_col-sm-6\"><div class=\"vc_column-inner vc_custom_1557444914627\"><div class=\"wpb_wrapper\">\n\t<div class=\"wpb_text_column wpb_content_element\">\n\t\t<div class=\"wpb_wrapper\">\n\t\t\t<h1>QU?ELLE SOIT EN FORMULE CONTINUE OU EN LIVRET OU LOUSSE<\/h1>\n\n\t\t<\/div>\n\t<\/div>\n<a itemprop=\"url\" href=\"https:\/\/bbmlanctot.ca\/english\/nous-joindre\/\" target=\"_self\" style=\"color: #ffffff;margin: 24px 0 0 0\" class=\"edgtf-btn edgtf-btn-medium edgtf-btn-solid edgtf-btn-custom-hover-color\" data-hover-color=\"#ffffff\">\n    <span class=\"edgtf-btn-text\">Contact us<\/span>\n    <\/a><\/div><\/div><\/div><div class=\"box_size2 vertical-align-content content-max-width wpb_column vc_column_container vc_col-sm-6 vc_col-has-fill\"><div class=\"vc_column-inner vc_custom_1614793831558\"><div class=\"wpb_wrapper\"><\/div><\/div><\/div><\/div><\/div><\/div><div data-edgtf-parallax-speed=\"1\" class=\"vc_row wpb_row vc_inner vc_row-fluid edgtf-section edgtf-content-aligment-left\" style=\"\"><div class=\"edgtf-full-section-inner\"><div class=\"wpb_column vc_column_container vc_col-sm-12\"><div class=\"vc_column-inner\"><div class=\"wpb_wrapper\"><div class=\"vc_icon_element vc_icon_element-outer wpb_animate_when_almost_visible wpb_slideInDown slideInDown vc_icon_element-align-center\"><div class=\"vc_icon_element-inner vc_icon_element-color-black vc_icon_element-size-md vc_icon_element-style- vc_icon_element-background-color-grey\"><span class=\"vc_icon_element-icon vc-material vc-material-keyboard_arrow_down\"><\/span><\/div><\/div><\/div><\/div><\/div><\/div><\/div><\/div><\/div><\/div><\/div><\/div><div id=\"contentWrapper\" class=\"vc_row wpb_row vc_row-fluid edgtf-section contentWrapper container_heigh vc_custom_1610072082232 edgtf-content-aligment-left edgtf-grid-section\" style=\"\"><div class=\"clearfix edgtf-section-inner\"><div class=\"edgtf-section-inner-margin clearfix\"><div class=\"wpb_column vc_column_container vc_col-sm-12\"><div class=\"vc_column-inner\"><div class=\"wpb_wrapper\"><div data-edgtf-parallax-speed=\"1\" class=\"vc_row wpb_row vc_inner vc_row-fluid edgtf-section vc_custom_1614793916985 edgtf-content-aligment-left\" style=\"\"><div class=\"edgtf-full-section-inner\"><div class=\"wpb_column vc_column_container vc_col-sm-6\"><div class=\"vc_column-inner\"><div class=\"wpb_wrapper\">\n\t<div class=\"wpb_single_image wpb_content_element vc_align_center\">\n\t\t\n\t\t<figure class=\"wpb_wrapper vc_figure\">\n\t\t\t<div class=\"vc_single_image-wrapper   vc_box_border_grey\"><img width=\"900\" height=\"600\" src=\"https:\/\/bbmlanctot.ca\/wp-content\/uploads\/2021\/05\/bigstock-Fragment-Of-The-Conveyor-Of-St-414049439.jpg\" class=\"vc_single_image-img attachment-full\" alt=\"\" decoding=\"async\" loading=\"lazy\" srcset=\"https:\/\/bbmlanctot.ca\/wp-content\/uploads\/2021\/05\/bigstock-Fragment-Of-The-Conveyor-Of-St-414049439.jpg 900w, https:\/\/bbmlanctot.ca\/wp-content\/uploads\/2021\/05\/bigstock-Fragment-Of-The-Conveyor-Of-St-414049439-300x200.jpg 300w, https:\/\/bbmlanctot.ca\/wp-content\/uploads\/2021\/05\/bigstock-Fragment-Of-The-Conveyor-Of-St-414049439-768x512.jpg 768w\" sizes=\"(max-width: 900px) 100vw, 900px\"><\/div>\n\t\t<\/figure>\n\t<\/div>\n\n\t<div class=\"wpb_single_image wpb_content_element vc_align_center  vc_custom_1620750754277\">\n\t\t\n\t\t<figure class=\"wpb_wrapper vc_figure\">\n\t\t\t<div class=\"vc_single_image-wrapper   vc_box_border_grey\"><img width=\"900\" height=\"557\" src=\"https:\/\/bbmlanctot.ca\/wp-content\/uploads\/2021\/05\/bigstock-Roll-Of-White-Paper-In-Modern-260654494.jpg\" class=\"vc_single_image-img attachment-full\" alt=\"\" decoding=\"async\" loading=\"lazy\" srcset=\"https:\/\/bbmlanctot.ca\/wp-content\/uploads\/2021\/05\/bigstock-Roll-Of-White-Paper-In-Modern-260654494.jpg 900w, https:\/\/bbmlanctot.ca\/wp-content\/uploads\/2021\/05\/bigstock-Roll-Of-White-Paper-In-Modern-260654494-300x186.jpg 300w, https:\/\/bbmlanctot.ca\/wp-content\/uploads\/2021\/05\/bigstock-Roll-Of-White-Paper-In-Modern-260654494-768x475.jpg 768w\" sizes=\"(max-width: 900px) 100vw, 900px\"><\/div>\n\t\t<\/figure>\n\t<\/div>\n<\/div><\/div><\/div><div class=\"wpb_column vc_column_container vc_col-sm-6\"><div class=\"vc_column-inner\"><div class=\"wpb_wrapper\">\n\t<div class=\"wpb_text_column wpb_content_element\">\n\t\t<div class=\"wpb_wrapper\">\n\t\t\t<p>Destin&eacute;es en g&eacute;n&eacute;ral &agrave; l?impression de journaux, de magazines, de livres ou de documents volumineux &agrave; grands tirages. Nos presses ont la capacit&eacute; d?impression et d?assemblage de documents allant jusqu?&agrave; 6 couleurs de papier distinctes (pour des documents multicopies).<\/p>\n<p>Ce type d?impression est&nbsp;id&eacute;al&nbsp;pour vos bons de livraison, factures, bons de chargement, etc?<\/p>\n<ul>\n<li>Informez-vous d&egrave;s maintenant aupr&egrave;s de l?un de nos conseillers &agrave;<strong> info@bbmlanctot.ca<\/strong><\/li>\n<\/ul>\n\n\t\t<\/div>\n\t<\/div>\n<\/div><\/div><\/div><\/div><\/div><div data-edgtf-parallax-speed=\"1\" class=\"vc_row wpb_row vc_inner vc_row-fluid edgtf-section edgtf-content-aligment-left\" style=\"\"><div class=\"edgtf-full-section-inner\"><div class=\"wpb_column vc_column_container vc_col-sm-12\"><div class=\"vc_column-inner\"><div class=\"wpb_wrapper\"><\/div><\/div><\/div><\/div><\/div><\/div><\/div><\/div><\/div><\/div><\/div><div id=\"soumission\" class=\"vc_row wpb_row vc_row-fluid edgtf-section vc_custom_1713834817861 edgtf-content-aligment-center\" style=\"\"><div class=\"clearfix edgtf-full-section-inner\"><div class=\"wpb_column vc_column_container vc_col-sm-12 vc_hidden-sm vc_hidden-xs\"><div class=\"vc_column-inner\"><div class=\"wpb_wrapper\"><div data-edgtf-parallax-speed=\"1\" class=\"vc_row wpb_row vc_inner vc_row-fluid edgtf-section edgtf-content-aligment-left\" style=\"\"><div class=\"edgtf-full-section-inner\"><div class=\"box_size vertical-align-content wpb_column vc_column_container vc_col-sm-6\"><div class=\"vc_column-inner vc_custom_1551633083223\"><div class=\"wpb_wrapper\">\n\t<div class=\"wpb_text_column wpb_content_element\">\n\t\t<div class=\"wpb_wrapper\">\n\t\t\t<h1 class=\"about-title\">QUESTIONS?<\/h1>\n\n\t\t<\/div>\n\t<\/div>\n<\/div><\/div><\/div><div class=\"box_size vertical-align-content wpb_column vc_column_container vc_col-sm-6\"><div class=\"vc_column-inner vc_custom_1551554802531\"><div class=\"wpb_wrapper\"><a itemprop=\"url\" href=\"https:\/\/bbmlanctot.ca\/english\/nous-joindre\/\" target=\"_self\" style=\"color: #ffffff;border-color: #ffffff;margin: 0px\" class=\"edgtf-btn edgtf-btn-medium edgtf-btn-outline\">\n    <span class=\"edgtf-btn-text\">Contact us<\/span>\n    <\/a><\/div><\/div><\/div><\/div><\/div><\/div><\/div><\/div><\/div><\/div><div id=\"soumission\" class=\"vc_row wpb_row vc_row-fluid edgtf-section vc_custom_1713834823678 edgtf-content-aligment-center\" style=\"\"><div class=\"clearfix edgtf-full-section-inner\"><div class=\"wpb_column vc_column_container vc_col-sm-12 vc_hidden-lg vc_hidden-md\"><div class=\"vc_column-inner\"><div class=\"wpb_wrapper\"><div data-edgtf-parallax-speed=\"1\" class=\"vc_row wpb_row vc_inner vc_row-fluid edgtf-section edgtf-content-aligment-center\" style=\"\"><div class=\"edgtf-full-section-inner\"><div class=\"wpb_column vc_column_container vc_col-sm-12\"><div class=\"vc_column-inner vc_custom_1553127145518\"><div class=\"wpb_wrapper\">\n\t<div class=\"wpb_text_column wpb_content_element  vc_custom_1558387158693\">\n\t\t<div class=\"wpb_wrapper\">\n\t\t\t<h1 class=\"about-title\" style=\"text-align: center;\">QUESTIONS?<\/h1>\n\n\t\t<\/div>\n\t<\/div>\n<a itemprop=\"url\" href=\"https:\/\/bbmlanctot.ca\/english\/nous-joindre\/\" target=\"_self\" style=\"color: #ffffff;border-color: #ffffff;margin: 0px\" class=\"edgtf-btn edgtf-btn-medium edgtf-btn-outline\">\n    <span class=\"edgtf-btn-text\">Contact us<\/span>\n    <\/a><\/div><\/div><\/div><\/div><\/div><\/div><\/div><\/div><\/div><\/div><\/div>","protected":false},"excerpt":{"rendered":"<p>PRESSE ROTATIVE QU?ELLE SOIT EN FORMULE CONTINUE OU EN LIVRET OU LOUSSE Contactez-nous Destin&eacute;es en g&eacute;n&eacute;ral &agrave; l?impression de journaux, de magazines, de livres ou de documents volumineux &agrave; grands tirages. Nos presses ont la capacit&eacute; d?impression et d?assemblage de documents allant jusqu?&agrave; 6 couleurs [...]<\/p>","protected":false},"author":1,"featured_media":0,"parent":11,"menu_order":0,"comment_status":"closed","ping_status":"closed","template":"full-width.php","meta":{"footnotes":""},"yoast_head":"<!-- This site is optimized with the Yoast SEO plugin v21.2 - https:\/\/yoast.com\/wordpress\/plugins\/seo\/ -->\n<title>Presse Rotative - BBM Lanctot<\/title>\n<meta name=\"description\" content=\"Destin\u00e9es en g\u00e9n\u00e9ral \u00e0 l\u2019impression de journaux, de magazines, de livres ou de documents volumineux \u00e0 grands tirages. Nos presses ont la capacit\u00e9 d\u2019impression et d\u2019assemblage de documents allant jusqu\u2019\u00e0 6 couleurs de papier distinctes (pour des documents multicopies).Ce type d\u2019impression est\u00a0id\u00e9al\u00a0pour vos bons de livraison, factures, bons de chargement, etc\u2026\" \/>\n<meta name=\"robots\" content=\"index, follow, max-snippet:-1, max-image-preview:large, max-video-preview:-1\" \/>\n<link rel=\"canonical\" href=\"https:\/\/bbmlanctot.ca\/english\/home-2\/presse-rotative\/\" \/>\n<meta property=\"og:locale\" content=\"en_US\" \/>\n<meta property=\"og:type\" content=\"article\" \/>\n<meta property=\"og:title\" content=\"Presse Rotative - BBM Lanctot\" \/>\n<meta property=\"og:description\" content=\"Destin\u00e9es en g\u00e9n\u00e9ral \u00e0 l\u2019impression de journaux, de magazines, de livres ou de documents volumineux \u00e0 grands tirages. Nos presses ont la capacit\u00e9 d\u2019impression et d\u2019assemblage de documents allant jusqu\u2019\u00e0 6 couleurs de papier distinctes (pour des documents multicopies).Ce type d\u2019impression est\u00a0id\u00e9al\u00a0pour vos bons de livraison, factures, bons de chargement, etc\u2026\" \/>\n<meta property=\"og:url\" content=\"https:\/\/bbmlanctot.ca\/english\/home-2\/presse-rotative\/\" \/>\n<meta property=\"og:site_name\" content=\"BBM Lanctot\" \/>\n<meta property=\"article:modified_time\" content=\"2024-04-23T01:13:46+00:00\" \/>\n<meta name=\"twitter:card\" content=\"summary_large_image\" \/>\n<meta name=\"twitter:label1\" content=\"Est. reading time\" \/>\n\t<meta name=\"twitter:data1\" content=\"2 minutes\" \/>\n<script type=\"application\/ld+json\" class=\"yoast-schema-graph\">{\"@context\":\"https:\/\/schema.org\",\"@graph\":[{\"@type\":\"WebPage\",\"@id\":\"https:\/\/bbmlanctot.ca\/home-2\/presse-rotative\/\",\"url\":\"https:\/\/bbmlanctot.ca\/home-2\/presse-rotative\/\",\"name\":\"Presse Rotative - BBM Lanctot\",\"isPartOf\":{\"@id\":\"https:\/\/bbmlanctot.ca\/#website\"},\"datePublished\":\"2020-08-18T22:20:54+00:00\",\"dateModified\":\"2024-04-23T01:13:46+00:00\",\"description\":\"Destin\u00e9es en g\u00e9n\u00e9ral \u00e0 l\u2019impression de journaux, de magazines, de livres ou de documents volumineux \u00e0 grands tirages. Nos presses ont la capacit\u00e9 d\u2019impression et d\u2019assemblage de documents allant jusqu\u2019\u00e0 6 couleurs de papier distinctes (pour des documents multicopies).Ce type d\u2019impression est\u00a0id\u00e9al\u00a0pour vos bons de livraison, factures, bons de chargement, etc\u2026\",\"breadcrumb\":{\"@id\":\"https:\/\/bbmlanctot.ca\/home-2\/presse-rotative\/#breadcrumb\"},\"inLanguage\":\"en-CA\",\"potentialAction\":[{\"@type\":\"ReadAction\",\"target\":[\"https:\/\/bbmlanctot.ca\/home-2\/presse-rotative\/\"]}]},{\"@type\":\"BreadcrumbList\",\"@id\":\"https:\/\/bbmlanctot.ca\/home-2\/presse-rotative\/#breadcrumb\",\"itemListElement\":[{\"@type\":\"ListItem\",\"position\":1,\"name\":\"Home\",\"item\":\"https:\/\/bbmlanctot.ca\/\"},{\"@type\":\"ListItem\",\"position\":2,\"name\":\"Services\",\"item\":\"https:\/\/bbmlanctot.ca\/home-2\/\"},{\"@type\":\"ListItem\",\"position\":3,\"name\":\"Presse Rotative\"}]},{\"@type\":\"WebSite\",\"@id\":\"https:\/\/bbmlanctot.ca\/#website\",\"url\":\"https:\/\/bbmlanctot.ca\/\",\"name\":\"BBM Lanctot\",\"description\":\"\",\"potentialAction\":[{\"@type\":\"SearchAction\",\"target\":{\"@type\":\"EntryPoint\",\"urlTemplate\":\"https:\/\/bbmlanctot.ca\/?s={search_term_string}\"},\"query-input\":\"required name=search_term_string\"}],\"inLanguage\":\"en-CA\"}]}<\/script>\n<!-- \/ Yoast SEO plugin. -->","yoast_head_json":{"title":"Presse Rotative - BBM Lanctot","description":"Destin\u00e9es en g\u00e9n\u00e9ral \u00e0 l\u2019impression de journaux, de magazines, de livres ou de documents volumineux \u00e0 grands tirages. Nos presses ont la capacit\u00e9 d\u2019impression et d\u2019assemblage de documents allant jusqu\u2019\u00e0 6 couleurs de papier distinctes (pour des documents multicopies).Ce type d\u2019impression est\u00a0id\u00e9al\u00a0pour vos bons de livraison, factures, bons de chargement, etc\u2026","robots":{"index":"index","follow":"follow","max-snippet":"max-snippet:-1","max-image-preview":"max-image-preview:large","max-video-preview":"max-video-preview:-1"},"canonical":"https:\/\/bbmlanctot.ca\/english\/home-2\/presse-rotative\/","og_locale":"en_US","og_type":"article","og_title":"Presse Rotative - BBM Lanctot","og_description":"Destin\u00e9es en g\u00e9n\u00e9ral \u00e0 l\u2019impression de journaux, de magazines, de livres ou de documents volumineux \u00e0 grands tirages. Nos presses ont la capacit\u00e9 d\u2019impression et d\u2019assemblage de documents allant jusqu\u2019\u00e0 6 couleurs de papier distinctes (pour des documents multicopies).Ce type d\u2019impression est\u00a0id\u00e9al\u00a0pour vos bons de livraison, factures, bons de chargement, etc\u2026","og_url":"https:\/\/bbmlanctot.ca\/english\/home-2\/presse-rotative\/","og_site_name":"BBM Lanctot","article_modified_time":"2024-04-23T01:13:46+00:00","twitter_card":"summary_large_image","twitter_misc":{"Est. reading time":"2 minutes"},"schema":{"@context":"https:\/\/schema.org","@graph":[{"@type":"WebPage","@id":"https:\/\/bbmlanctot.ca\/home-2\/presse-rotative\/","url":"https:\/\/bbmlanctot.ca\/home-2\/presse-rotative\/","name":"Presse Rotative - BBM Lanctot","isPartOf":{"@id":"https:\/\/bbmlanctot.ca\/#website"},"datePublished":"2020-08-18T22:20:54+00:00","dateModified":"2024-04-23T01:13:46+00:00","description":"Destin\u00e9es en g\u00e9n\u00e9ral \u00e0 l\u2019impression de journaux, de magazines, de livres ou de documents volumineux \u00e0 grands tirages. Nos presses ont la capacit\u00e9 d\u2019impression et d\u2019assemblage de documents allant jusqu\u2019\u00e0 6 couleurs de papier distinctes (pour des documents multicopies).Ce type d\u2019impression est\u00a0id\u00e9al\u00a0pour vos bons de livraison, factures, bons de chargement, etc\u2026","breadcrumb":{"@id":"https:\/\/bbmlanctot.ca\/home-2\/presse-rotative\/#breadcrumb"},"inLanguage":"en-CA","potentialAction":[{"@type":"ReadAction","target":["https:\/\/bbmlanctot.ca\/home-2\/presse-rotative\/"]}]},{"@type":"BreadcrumbList","@id":"https:\/\/bbmlanctot.ca\/home-2\/presse-rotative\/#breadcrumb","itemListElement":[{"@type":"ListItem","position":1,"name":"Home","item":"https:\/\/bbmlanctot.ca\/"},{"@type":"ListItem","position":2,"name":"Services","item":"https:\/\/bbmlanctot.ca\/home-2\/"},{"@type":"ListItem","position":3,"name":"Presse Rotative"}]},{"@type":"WebSite","@id":"https:\/\/bbmlanctot.ca\/#website","url":"https:\/\/bbmlanctot.ca\/","name":"BBM Lanctot","description":"","potentialAction":[{"@type":"SearchAction","target":{"@type":"EntryPoint","urlTemplate":"https:\/\/bbmlanctot.ca\/?s={search_term_string}"},"query-input":"required name=search_term_string"}],"inLanguage":"en-CA"}]}},"_links":{"self":[{"href":"https:\/\/bbmlanctot.ca\/english\/wp-json\/wp\/v2\/pages\/1189"}],"collection":[{"href":"https:\/\/bbmlanctot.ca\/english\/wp-json\/wp\/v2\/pages"}],"about":[{"href":"https:\/\/bbmlanctot.ca\/english\/wp-json\/wp\/v2\/types\/page"}],"author":[{"embeddable":true,"href":"https:\/\/bbmlanctot.ca\/english\/wp-json\/wp\/v2\/users\/1"}],"replies":[{"embeddable":true,"href":"https:\/\/bbmlanctot.ca\/english\/wp-json\/wp\/v2\/comments?post=1189"}],"version-history":[{"count":18,"href":"https:\/\/bbmlanctot.ca\/english\/wp-json\/wp\/v2\/pages\/1189\/revisions"}],"predecessor-version":[{"id":1929,"href":"https:\/\/bbmlanctot.ca\/english\/wp-json\/wp\/v2\/pages\/1189\/revisions\/1929"}],"up":[{"embeddable":true,"href":"https:\/\/bbmlanctot.ca\/english\/wp-json\/wp\/v2\/pages\/11"}],"wp:attachment":[{"href":"https:\/\/bbmlanctot.ca\/english\/wp-json\/wp\/v2\/media?parent=1189"}],"curies":[{"name":"wp","href":"https:\/\/api.w.org\/{rel}","templated":true}]}}