{"id":1187,"date":"2020-08-18T18:20:31","date_gmt":"2020-08-18T22:20:31","guid":{"rendered":"https:\/\/bbmlanctot.ca\/?page_id=1187"},"modified":"2024-04-22T21:09:15","modified_gmt":"2024-04-23T01:09:15","slug":"impression-offset","status":"publish","type":"page","link":"https:\/\/bbmlanctot.ca\/english\/home-2\/impression-offset\/","title":{"rendered":"<p>Impression Offset<\/p>"},"content":{"rendered":"<div id=\"second-menu\" class=\"vc_row wpb_row vc_row-fluid edgtf-section container_height vc_custom_1557445241160 edgtf-content-aligment-left\" style=\"\"><div class=\"clearfix edgtf-full-section-inner\"><div class=\"wpb_column vc_column_container vc_col-sm-12 vc_hidden-md vc_hidden-sm vc_hidden-xs\"><div class=\"vc_column-inner\"><div class=\"wpb_wrapper\"><div data-edgtf-parallax-speed=\"1\" class=\"vc_row wpb_row vc_inner vc_row-fluid edgtf-section edgtf-content-aligment-left edgtf-grid-section\" style=\"\"><div class=\"edgtf-section-inner\"><div class=\"edgtf-section-inner-margin clearfix\"><div class=\"wpb_column vc_column_container vc_col-sm-2\"><div class=\"vc_column-inner\"><div class=\"wpb_wrapper\">\n\t<div class=\"wpb_text_column wpb_content_element  vc_custom_1598394473085\">\n\t\t<div class=\"wpb_wrapper\">\n\t\t\t<h1>OFFSET PRINTING<\/h1>\n\n\t\t<\/div>\n\t<\/div>\n<\/div><\/div><\/div><div class=\"wpb_column vc_column_container vc_col-sm-10 vc_hidden-sm vc_hidden-xs\"><div class=\"vc_column-inner\"><div class=\"wpb_wrapper\">\n\t<div class=\"wpb_raw_code wpb_content_element wpb_raw_html\">\n\t\t<div class=\"wpb_wrapper\">\n\t\t\t\n\t\t<\/div>\n\t<\/div>\n<\/div><\/div><\/div><\/div><\/div><\/div><\/div><\/div><\/div><\/div><div class=\"vc_row wpb_row vc_row-fluid edgtf-section container_height jumbotron vc_custom_1557445041191 edgtf-content-aligment-left\" style=\"\"><div class=\"clearfix edgtf-full-section-inner\"><div class=\"wpb_column vc_column_container vc_col-sm-12\"><div class=\"vc_column-inner\"><div class=\"wpb_wrapper\"><div data-edgtf-parallax-speed=\"1\" class=\"vc_row wpb_row vc_inner vc_row-fluid edgtf-section jumbotron_width vc_custom_1598391987049 edgtf-content-aligment-left edgtf-grid-section\" style=\"\"><div class=\"edgtf-section-inner\"><div class=\"edgtf-section-inner-margin clearfix\"><div class=\"box_size2 vertical-align-content content-max-width wpb_column vc_column_container vc_col-sm-6\"><div class=\"vc_column-inner vc_custom_1557444914627\"><div class=\"wpb_wrapper\">\n\t<div class=\"wpb_text_column wpb_content_element\">\n\t\t<div class=\"wpb_wrapper\">\n\t\t\t<h1>PERFORMANCE ASSUR&Eacute;E POUR VOS GRANDS TIRAGES !<\/h1>\n\n\t\t<\/div>\n\t<\/div>\n<a itemprop=\"url\" href=\"https:\/\/bbmlanctot.ca\/english\/nous-joindre\/\" target=\"_self\" style=\"color: #ffffff;margin: 24px 0 0 0\" class=\"edgtf-btn edgtf-btn-medium edgtf-btn-solid edgtf-btn-custom-hover-color\" data-hover-color=\"#ffffff\">\n    <span class=\"edgtf-btn-text\">Contact us<\/span>\n    <\/a><\/div><\/div><\/div><div class=\"box_size2 vertical-align-content content-max-width wpb_column vc_column_container vc_col-sm-6 vc_col-has-fill\"><div class=\"vc_column-inner vc_custom_1614793533086\"><div class=\"wpb_wrapper\"><\/div><\/div><\/div><\/div><\/div><\/div><div data-edgtf-parallax-speed=\"1\" class=\"vc_row wpb_row vc_inner vc_row-fluid edgtf-section edgtf-content-aligment-left\" style=\"\"><div class=\"edgtf-full-section-inner\"><div class=\"wpb_column vc_column_container vc_col-sm-12\"><div class=\"vc_column-inner\"><div class=\"wpb_wrapper\"><div class=\"vc_icon_element vc_icon_element-outer wpb_animate_when_almost_visible wpb_slideInDown slideInDown vc_icon_element-align-center\"><div class=\"vc_icon_element-inner vc_icon_element-color-black vc_icon_element-size-md vc_icon_element-style- vc_icon_element-background-color-grey\"><span class=\"vc_icon_element-icon vc-material vc-material-keyboard_arrow_down\"><\/span><\/div><\/div><\/div><\/div><\/div><\/div><\/div><\/div><\/div><\/div><\/div><\/div><div id=\"contentWrapper\" class=\"vc_row wpb_row vc_row-fluid edgtf-section contentWrapper container_heigh vc_custom_1610072082232 edgtf-content-aligment-left edgtf-grid-section\" style=\"\"><div class=\"clearfix edgtf-section-inner\"><div class=\"edgtf-section-inner-margin clearfix\"><div class=\"wpb_column vc_column_container vc_col-sm-12\"><div class=\"vc_column-inner\"><div class=\"wpb_wrapper\"><div data-edgtf-parallax-speed=\"1\" class=\"vc_row wpb_row vc_inner vc_row-fluid edgtf-section edgtf-content-aligment-left\" style=\"\"><div class=\"edgtf-full-section-inner\"><div class=\"wpb_column vc_column_container vc_col-sm-12\"><div class=\"vc_column-inner\"><div class=\"wpb_wrapper\">\n\t<div class=\"wpb_text_column wpb_content_element\">\n\t\t<div class=\"wpb_wrapper\">\n\t\t\t<p>En mati&egrave;re de presse &agrave; feuilles, le proc&eacute;d&eacute; d?impression offset est actuellement la technique d?impression la plus populaire.<\/p>\n<p>Son succ&egrave;s d&eacute;coule de sa grande souplesse ainsi qu?&agrave; sa capacit&eacute; d?adaptation &agrave; un large &eacute;ventail de produits imprim&eacute;s.<\/p>\n<p>Nous poss&eacute;dons une presse &agrave; feuille 6 couleurs + vernis AQ, de format allant jusqu?&agrave; 28 po X 40 po, nous permettant d?&ecirc;tre ultra comp&eacute;titif dans tous genres de travaux.<\/p>\n<ul>\n<li>Soucieux de l?environnement,<em>&nbsp;<strong>nous&nbsp;utilisons que des encres v&eacute;g&eacute;tales&nbsp;et vernis &agrave; base d?eau<\/strong>.<\/em><\/li>\n<\/ul>\n\n\t\t<\/div>\n\t<\/div>\n<\/div><\/div><\/div><\/div><\/div><\/div><\/div><\/div><\/div><\/div><\/div><div id=\"soumission\" class=\"vc_row wpb_row vc_row-fluid edgtf-section vc_custom_1713834548375 edgtf-content-aligment-center\" style=\"\"><div class=\"clearfix edgtf-full-section-inner\"><div class=\"wpb_column vc_column_container vc_col-sm-12 vc_hidden-sm vc_hidden-xs\"><div class=\"vc_column-inner\"><div class=\"wpb_wrapper\"><div data-edgtf-parallax-speed=\"1\" class=\"vc_row wpb_row vc_inner vc_row-fluid edgtf-section edgtf-content-aligment-left\" style=\"\"><div class=\"edgtf-full-section-inner\"><div class=\"box_size vertical-align-content wpb_column vc_column_container vc_col-sm-6\"><div class=\"vc_column-inner vc_custom_1551633083223\"><div class=\"wpb_wrapper\">\n\t<div class=\"wpb_text_column wpb_content_element\">\n\t\t<div class=\"wpb_wrapper\">\n\t\t\t<h1 class=\"about-title\">QUESTIONS?<\/h1>\n\n\t\t<\/div>\n\t<\/div>\n<\/div><\/div><\/div><div class=\"box_size vertical-align-content wpb_column vc_column_container vc_col-sm-6\"><div class=\"vc_column-inner vc_custom_1551554802531\"><div class=\"wpb_wrapper\"><a itemprop=\"url\" href=\"https:\/\/bbmlanctot.ca\/english\/nous-joindre\/\" target=\"_self\" style=\"color: #ffffff;border-color: #ffffff;margin: 0px\" class=\"edgtf-btn edgtf-btn-medium edgtf-btn-outline\">\n    <span class=\"edgtf-btn-text\">Contact us<\/span>\n    <\/a><\/div><\/div><\/div><\/div><\/div><\/div><\/div><\/div><\/div><\/div><div id=\"soumission\" class=\"vc_row wpb_row vc_row-fluid edgtf-section vc_custom_1713834553729 edgtf-content-aligment-center\" style=\"\"><div class=\"clearfix edgtf-full-section-inner\"><div class=\"wpb_column vc_column_container vc_col-sm-12 vc_hidden-lg vc_hidden-md\"><div class=\"vc_column-inner\"><div class=\"wpb_wrapper\"><div data-edgtf-parallax-speed=\"1\" class=\"vc_row wpb_row vc_inner vc_row-fluid edgtf-section edgtf-content-aligment-center\" style=\"\"><div class=\"edgtf-full-section-inner\"><div class=\"wpb_column vc_column_container vc_col-sm-12\"><div class=\"vc_column-inner vc_custom_1553127145518\"><div class=\"wpb_wrapper\">\n\t<div class=\"wpb_text_column wpb_content_element  vc_custom_1558387158693\">\n\t\t<div class=\"wpb_wrapper\">\n\t\t\t<h1 class=\"about-title\" style=\"text-align: center;\">QUESTIONS?<\/h1>\n\n\t\t<\/div>\n\t<\/div>\n<a itemprop=\"url\" href=\"https:\/\/bbmlanctot.ca\/english\/nous-joindre\/\" target=\"_self\" style=\"color: #ffffff;border-color: #ffffff;margin: 0px\" class=\"edgtf-btn edgtf-btn-medium edgtf-btn-outline\">\n    <span class=\"edgtf-btn-text\">Contact us<\/span>\n    <\/a><\/div><\/div><\/div><\/div><\/div><\/div><\/div><\/div><\/div><\/div><\/div>","protected":false},"excerpt":{"rendered":"<p>IMPRESSION OFFSET PERFORMANCE ASSUR&Eacute;E POUR VOS GRANDS TIRAGES ! Contactez-nous En mati&egrave;re de presse &agrave; feuilles, le proc&eacute;d&eacute; d?impression offset est actuellement la technique d?impression la plus populaire. Son succ&egrave;s d&eacute;coule de sa grande souplesse ainsi qu?&agrave; sa capacit&eacute; d?adaptation &agrave; un large &eacute;ventail de [...]<\/p>","protected":false},"author":1,"featured_media":0,"parent":11,"menu_order":0,"comment_status":"closed","ping_status":"closed","template":"full-width.php","meta":{"footnotes":""},"yoast_head":"<!-- This site is optimized with the Yoast SEO plugin v21.2 - https:\/\/yoast.com\/wordpress\/plugins\/seo\/ -->\n<title>Impression Offset - BBM Lanctot<\/title>\n<meta name=\"description\" content=\"En mati\u00e8re de presse \u00e0 feuilles, le proc\u00e9d\u00e9 d\u2019impression offset est actuellement la technique d\u2019impression la plus populaire.Son succ\u00e8s d\u00e9coule de sa grande souplesse ainsi qu\u2019\u00e0 sa capacit\u00e9 d\u2019adaptation \u00e0 un large \u00e9ventail de produits imprim\u00e9s.Nous poss\u00e9dons une presse \u00e0 feuille 6 couleurs + vernis AQ, de format allant jusqu\u2019\u00e0 28 po X 40 po, nous permettant d\u2019\u00eatre ultra comp\u00e9titif dans tous genres de travaux.Soucieux de l\u2019environnement,\u00a0nous\u00a0utilisons que des encres v\u00e9g\u00e9tales\u00a0et vernis \u00e0 base d\u2019eau.\" \/>\n<meta name=\"robots\" content=\"index, follow, max-snippet:-1, max-image-preview:large, max-video-preview:-1\" \/>\n<link rel=\"canonical\" href=\"https:\/\/bbmlanctot.ca\/english\/home-2\/impression-offset\/\" \/>\n<meta property=\"og:locale\" content=\"en_US\" \/>\n<meta property=\"og:type\" content=\"article\" \/>\n<meta property=\"og:title\" content=\"Impression Offset - BBM Lanctot\" \/>\n<meta property=\"og:description\" content=\"En mati\u00e8re de presse \u00e0 feuilles, le proc\u00e9d\u00e9 d\u2019impression offset est actuellement la technique d\u2019impression la plus populaire.Son succ\u00e8s d\u00e9coule de sa grande souplesse ainsi qu\u2019\u00e0 sa capacit\u00e9 d\u2019adaptation \u00e0 un large \u00e9ventail de produits imprim\u00e9s.Nous poss\u00e9dons une presse \u00e0 feuille 6 couleurs + vernis AQ, de format allant jusqu\u2019\u00e0 28 po X 40 po, nous permettant d\u2019\u00eatre ultra comp\u00e9titif dans tous genres de travaux.Soucieux de l\u2019environnement,\u00a0nous\u00a0utilisons que des encres v\u00e9g\u00e9tales\u00a0et vernis \u00e0 base d\u2019eau.\" \/>\n<meta property=\"og:url\" content=\"https:\/\/bbmlanctot.ca\/english\/home-2\/impression-offset\/\" \/>\n<meta property=\"og:site_name\" content=\"BBM Lanctot\" \/>\n<meta property=\"article:modified_time\" content=\"2024-04-23T01:09:15+00:00\" \/>\n<meta name=\"twitter:card\" content=\"summary_large_image\" \/>\n<meta name=\"twitter:label1\" content=\"Est. reading time\" \/>\n\t<meta name=\"twitter:data1\" content=\"2 minutes\" \/>\n<script type=\"application\/ld+json\" class=\"yoast-schema-graph\">{\"@context\":\"https:\/\/schema.org\",\"@graph\":[{\"@type\":\"WebPage\",\"@id\":\"https:\/\/bbmlanctot.ca\/home-2\/impression-offset\/\",\"url\":\"https:\/\/bbmlanctot.ca\/home-2\/impression-offset\/\",\"name\":\"Impression Offset - BBM Lanctot\",\"isPartOf\":{\"@id\":\"https:\/\/bbmlanctot.ca\/#website\"},\"datePublished\":\"2020-08-18T22:20:31+00:00\",\"dateModified\":\"2024-04-23T01:09:15+00:00\",\"description\":\"En mati\u00e8re de presse \u00e0 feuilles, le proc\u00e9d\u00e9 d\u2019impression offset est actuellement la technique d\u2019impression la plus populaire.Son succ\u00e8s d\u00e9coule de sa grande souplesse ainsi qu\u2019\u00e0 sa capacit\u00e9 d\u2019adaptation \u00e0 un large \u00e9ventail de produits imprim\u00e9s.Nous poss\u00e9dons une presse \u00e0 feuille 6 couleurs + vernis AQ, de format allant jusqu\u2019\u00e0 28 po X 40 po, nous permettant d\u2019\u00eatre ultra comp\u00e9titif dans tous genres de travaux.Soucieux de l\u2019environnement,\u00a0nous\u00a0utilisons que des encres v\u00e9g\u00e9tales\u00a0et vernis \u00e0 base d\u2019eau.\",\"breadcrumb\":{\"@id\":\"https:\/\/bbmlanctot.ca\/home-2\/impression-offset\/#breadcrumb\"},\"inLanguage\":\"en-CA\",\"potentialAction\":[{\"@type\":\"ReadAction\",\"target\":[\"https:\/\/bbmlanctot.ca\/home-2\/impression-offset\/\"]}]},{\"@type\":\"BreadcrumbList\",\"@id\":\"https:\/\/bbmlanctot.ca\/home-2\/impression-offset\/#breadcrumb\",\"itemListElement\":[{\"@type\":\"ListItem\",\"position\":1,\"name\":\"Home\",\"item\":\"https:\/\/bbmlanctot.ca\/\"},{\"@type\":\"ListItem\",\"position\":2,\"name\":\"Services\",\"item\":\"https:\/\/bbmlanctot.ca\/home-2\/\"},{\"@type\":\"ListItem\",\"position\":3,\"name\":\"Impression Offset\"}]},{\"@type\":\"WebSite\",\"@id\":\"https:\/\/bbmlanctot.ca\/#website\",\"url\":\"https:\/\/bbmlanctot.ca\/\",\"name\":\"BBM Lanctot\",\"description\":\"\",\"potentialAction\":[{\"@type\":\"SearchAction\",\"target\":{\"@type\":\"EntryPoint\",\"urlTemplate\":\"https:\/\/bbmlanctot.ca\/?s={search_term_string}\"},\"query-input\":\"required name=search_term_string\"}],\"inLanguage\":\"en-CA\"}]}<\/script>\n<!-- \/ Yoast SEO plugin. -->","yoast_head_json":{"title":"Impression Offset - BBM Lanctot","description":"En mati\u00e8re de presse \u00e0 feuilles, le proc\u00e9d\u00e9 d\u2019impression offset est actuellement la technique d\u2019impression la plus populaire.Son succ\u00e8s d\u00e9coule de sa grande souplesse ainsi qu\u2019\u00e0 sa capacit\u00e9 d\u2019adaptation \u00e0 un large \u00e9ventail de produits imprim\u00e9s.Nous poss\u00e9dons une presse \u00e0 feuille 6 couleurs + vernis AQ, de format allant jusqu\u2019\u00e0 28 po X 40 po, nous permettant d\u2019\u00eatre ultra comp\u00e9titif dans tous genres de travaux.Soucieux de l\u2019environnement,\u00a0nous\u00a0utilisons que des encres v\u00e9g\u00e9tales\u00a0et vernis \u00e0 base d\u2019eau.","robots":{"index":"index","follow":"follow","max-snippet":"max-snippet:-1","max-image-preview":"max-image-preview:large","max-video-preview":"max-video-preview:-1"},"canonical":"https:\/\/bbmlanctot.ca\/english\/home-2\/impression-offset\/","og_locale":"en_US","og_type":"article","og_title":"Impression Offset - BBM Lanctot","og_description":"En mati\u00e8re de presse \u00e0 feuilles, le proc\u00e9d\u00e9 d\u2019impression offset est actuellement la technique d\u2019impression la plus populaire.Son succ\u00e8s d\u00e9coule de sa grande souplesse ainsi qu\u2019\u00e0 sa capacit\u00e9 d\u2019adaptation \u00e0 un large \u00e9ventail de produits imprim\u00e9s.Nous poss\u00e9dons une presse \u00e0 feuille 6 couleurs + vernis AQ, de format allant jusqu\u2019\u00e0 28 po X 40 po, nous permettant d\u2019\u00eatre ultra comp\u00e9titif dans tous genres de travaux.Soucieux de l\u2019environnement,\u00a0nous\u00a0utilisons que des encres v\u00e9g\u00e9tales\u00a0et vernis \u00e0 base d\u2019eau.","og_url":"https:\/\/bbmlanctot.ca\/english\/home-2\/impression-offset\/","og_site_name":"BBM Lanctot","article_modified_time":"2024-04-23T01:09:15+00:00","twitter_card":"summary_large_image","twitter_misc":{"Est. reading time":"2 minutes"},"schema":{"@context":"https:\/\/schema.org","@graph":[{"@type":"WebPage","@id":"https:\/\/bbmlanctot.ca\/home-2\/impression-offset\/","url":"https:\/\/bbmlanctot.ca\/home-2\/impression-offset\/","name":"Impression Offset - BBM Lanctot","isPartOf":{"@id":"https:\/\/bbmlanctot.ca\/#website"},"datePublished":"2020-08-18T22:20:31+00:00","dateModified":"2024-04-23T01:09:15+00:00","description":"En mati\u00e8re de presse \u00e0 feuilles, le proc\u00e9d\u00e9 d\u2019impression offset est actuellement la technique d\u2019impression la plus populaire.Son succ\u00e8s d\u00e9coule de sa grande souplesse ainsi qu\u2019\u00e0 sa capacit\u00e9 d\u2019adaptation \u00e0 un large \u00e9ventail de produits imprim\u00e9s.Nous poss\u00e9dons une presse \u00e0 feuille 6 couleurs + vernis AQ, de format allant jusqu\u2019\u00e0 28 po X 40 po, nous permettant d\u2019\u00eatre ultra comp\u00e9titif dans tous genres de travaux.Soucieux de l\u2019environnement,\u00a0nous\u00a0utilisons que des encres v\u00e9g\u00e9tales\u00a0et vernis \u00e0 base d\u2019eau.","breadcrumb":{"@id":"https:\/\/bbmlanctot.ca\/home-2\/impression-offset\/#breadcrumb"},"inLanguage":"en-CA","potentialAction":[{"@type":"ReadAction","target":["https:\/\/bbmlanctot.ca\/home-2\/impression-offset\/"]}]},{"@type":"BreadcrumbList","@id":"https:\/\/bbmlanctot.ca\/home-2\/impression-offset\/#breadcrumb","itemListElement":[{"@type":"ListItem","position":1,"name":"Home","item":"https:\/\/bbmlanctot.ca\/"},{"@type":"ListItem","position":2,"name":"Services","item":"https:\/\/bbmlanctot.ca\/home-2\/"},{"@type":"ListItem","position":3,"name":"Impression Offset"}]},{"@type":"WebSite","@id":"https:\/\/bbmlanctot.ca\/#website","url":"https:\/\/bbmlanctot.ca\/","name":"BBM Lanctot","description":"","potentialAction":[{"@type":"SearchAction","target":{"@type":"EntryPoint","urlTemplate":"https:\/\/bbmlanctot.ca\/?s={search_term_string}"},"query-input":"required name=search_term_string"}],"inLanguage":"en-CA"}]}},"_links":{"self":[{"href":"https:\/\/bbmlanctot.ca\/english\/wp-json\/wp\/v2\/pages\/1187"}],"collection":[{"href":"https:\/\/bbmlanctot.ca\/english\/wp-json\/wp\/v2\/pages"}],"about":[{"href":"https:\/\/bbmlanctot.ca\/english\/wp-json\/wp\/v2\/types\/page"}],"author":[{"embeddable":true,"href":"https:\/\/bbmlanctot.ca\/english\/wp-json\/wp\/v2\/users\/1"}],"replies":[{"embeddable":true,"href":"https:\/\/bbmlanctot.ca\/english\/wp-json\/wp\/v2\/comments?post=1187"}],"version-history":[{"count":12,"href":"https:\/\/bbmlanctot.ca\/english\/wp-json\/wp\/v2\/pages\/1187\/revisions"}],"predecessor-version":[{"id":1922,"href":"https:\/\/bbmlanctot.ca\/english\/wp-json\/wp\/v2\/pages\/1187\/revisions\/1922"}],"up":[{"embeddable":true,"href":"https:\/\/bbmlanctot.ca\/english\/wp-json\/wp\/v2\/pages\/11"}],"wp:attachment":[{"href":"https:\/\/bbmlanctot.ca\/english\/wp-json\/wp\/v2\/media?parent=1187"}],"curies":[{"name":"wp","href":"https:\/\/api.w.org\/{rel}","templated":true}]}}