{"id":1138,"date":"2020-07-16T18:02:12","date_gmt":"2020-07-16T22:02:12","guid":{"rendered":"https:\/\/bbmlanctot.ca\/?page_id=1138"},"modified":"2024-04-22T20:59:50","modified_gmt":"2024-04-23T00:59:50","slug":"emporte-piece","status":"publish","type":"page","link":"https:\/\/bbmlanctot.ca\/english\/home-2\/finition-et-reliure\/emporte-piece\/","title":{"rendered":"<p>Emporte-pi\u00e8ce<\/p>"},"content":{"rendered":"<div id=\"second-menu\" class=\"vc_row wpb_row vc_row-fluid edgtf-section container_height vc_custom_1557445241160 edgtf-content-aligment-left\" style=\"\"><div class=\"clearfix edgtf-full-section-inner\"><div class=\"wpb_column vc_column_container vc_col-sm-12 vc_hidden-md vc_hidden-sm vc_hidden-xs\"><div class=\"vc_column-inner\"><div class=\"wpb_wrapper\"><div data-edgtf-parallax-speed=\"1\" class=\"vc_row wpb_row vc_inner vc_row-fluid edgtf-section edgtf-content-aligment-left edgtf-grid-section\" style=\"\"><div class=\"edgtf-section-inner\"><div class=\"edgtf-section-inner-margin clearfix\"><div class=\"wpb_column vc_column_container vc_col-sm-2\"><div class=\"vc_column-inner\"><div class=\"wpb_wrapper\">\n\t<div class=\"wpb_text_column wpb_content_element  vc_custom_1610492886069\">\n\t\t<div class=\"wpb_wrapper\">\n\t\t\t<h1>EMPORTE-PI&Egrave;CE<\/h1>\n\n\t\t<\/div>\n\t<\/div>\n<\/div><\/div><\/div><div class=\"wpb_column vc_column_container vc_col-sm-10 vc_hidden-sm vc_hidden-xs\"><div class=\"vc_column-inner\"><div class=\"wpb_wrapper\">\n\t<div class=\"wpb_raw_code wpb_content_element wpb_raw_html\">\n\t\t<div class=\"wpb_wrapper\">\n\t\t\t\n\t\t<\/div>\n\t<\/div>\n<\/div><\/div><\/div><\/div><\/div><\/div><\/div><\/div><\/div><\/div><div class=\"vc_row wpb_row vc_row-fluid edgtf-section container_height jumbotron vc_custom_1557445041191 edgtf-content-aligment-left\" style=\"\"><div class=\"clearfix edgtf-full-section-inner\"><div class=\"wpb_column vc_column_container vc_col-sm-12\"><div class=\"vc_column-inner\"><div class=\"wpb_wrapper\"><div data-edgtf-parallax-speed=\"1\" class=\"vc_row wpb_row vc_inner vc_row-fluid edgtf-section jumbotron_width vc_custom_1598391987049 edgtf-content-aligment-left edgtf-grid-section\" style=\"\"><div class=\"edgtf-section-inner\"><div class=\"edgtf-section-inner-margin clearfix\"><div class=\"box_size2 vertical-align-content content-max-width wpb_column vc_column_container vc_col-sm-12\"><div class=\"vc_column-inner vc_custom_1557444914627\"><div class=\"wpb_wrapper\">\n\t<div class=\"wpb_text_column wpb_content_element\">\n\t\t<div class=\"wpb_wrapper\">\n\t\t\t<h1>EMPORTE-PI&Egrave;CE<\/h1>\n\n\t\t<\/div>\n\t<\/div>\n<a itemprop=\"url\" href=\"https:\/\/bbmlanctot.ca\/english\/nous-joindre\/\" target=\"_self\" style=\"color: #ffffff;margin: 24px 0 0 0\" class=\"edgtf-btn edgtf-btn-medium edgtf-btn-solid edgtf-btn-custom-hover-color\" data-hover-color=\"#ffffff\">\n    <span class=\"edgtf-btn-text\">Contact us<\/span>\n    <\/a><\/div><\/div><\/div><\/div><\/div><\/div><div data-edgtf-parallax-speed=\"1\" class=\"vc_row wpb_row vc_inner vc_row-fluid edgtf-section edgtf-content-aligment-left\" style=\"\"><div class=\"edgtf-full-section-inner\"><div class=\"wpb_column vc_column_container vc_col-sm-12\"><div class=\"vc_column-inner\"><div class=\"wpb_wrapper\"><div class=\"vc_icon_element vc_icon_element-outer wpb_animate_when_almost_visible wpb_slideInDown slideInDown vc_icon_element-align-center\"><div class=\"vc_icon_element-inner vc_icon_element-color-black vc_icon_element-size-md vc_icon_element-style- vc_icon_element-background-color-grey\"><span class=\"vc_icon_element-icon vc-material vc-material-keyboard_arrow_down\"><\/span><\/div><\/div><\/div><\/div><\/div><\/div><\/div><\/div><\/div><\/div><\/div><\/div><div id=\"contentWrapper\" class=\"vc_row wpb_row vc_row-fluid edgtf-section contentWrapper container_heigh vc_custom_1610072082232 edgtf-content-aligment-left edgtf-grid-section\" style=\"\"><div class=\"clearfix edgtf-section-inner\"><div class=\"edgtf-section-inner-margin clearfix\"><div class=\"wpb_column vc_column_container vc_col-sm-12\"><div class=\"vc_column-inner\"><div class=\"wpb_wrapper\"><div data-edgtf-parallax-speed=\"1\" class=\"vc_row wpb_row vc_inner vc_row-fluid edgtf-section edgtf-content-aligment-left\" style=\"\"><div class=\"edgtf-full-section-inner\"><div class=\"wpb_column vc_column_container vc_col-sm-12\"><div class=\"vc_column-inner\"><div class=\"wpb_wrapper\">\n\t<div class=\"wpb_text_column wpb_content_element\">\n\t\t<div class=\"wpb_wrapper\">\n\t\t\t<p>La d&eacute;coupe &agrave; l?emporte-pi&egrave;ce est un proc&eacute;d&eacute; ayant une forme tr&egrave;s pr&eacute;cise qui permet de d&eacute;couper d?un seul coup des morceaux. Le carton est plac&eacute; sur une surface plane avec un support arri&egrave;re, puis la matrice est press&eacute;e dans le papier pour le couper.<\/p>\n\n\t\t<\/div>\n\t<\/div>\n<\/div><\/div><\/div><\/div><\/div><\/div><\/div><\/div><\/div><\/div><\/div><div id=\"soumission\" class=\"vc_row wpb_row vc_row-fluid edgtf-section vc_custom_1557443544403 edgtf-content-aligment-center\" style=\"\"><div class=\"clearfix edgtf-full-section-inner\"><div class=\"wpb_column vc_column_container vc_col-sm-12 vc_hidden-sm vc_hidden-xs\"><div class=\"vc_column-inner\"><div class=\"wpb_wrapper\"><div data-edgtf-parallax-speed=\"1\" class=\"vc_row wpb_row vc_inner vc_row-fluid edgtf-section edgtf-content-aligment-left\" style=\"\"><div class=\"edgtf-full-section-inner\"><div class=\"box_size vertical-align-content wpb_column vc_column_container vc_col-sm-6\"><div class=\"vc_column-inner vc_custom_1551633083223\"><div class=\"wpb_wrapper\">\n\t<div class=\"wpb_text_column wpb_content_element\">\n\t\t<div class=\"wpb_wrapper\">\n\t\t\t<h1 class=\"about-title\">QUESTIONS?<\/h1>\n\n\t\t<\/div>\n\t<\/div>\n<\/div><\/div><\/div><div class=\"box_size vertical-align-content wpb_column vc_column_container vc_col-sm-6\"><div class=\"vc_column-inner vc_custom_1551554802531\"><div class=\"wpb_wrapper\"><a itemprop=\"url\" href=\"https:\/\/bbmlanctot.ca\/english\/nous-joindre\/\" target=\"_self\" style=\"color: #ffffff;border-color: #ffffff;margin: 0px\" class=\"edgtf-btn edgtf-btn-medium edgtf-btn-outline\">\n    <span class=\"edgtf-btn-text\">Contact us<\/span>\n    <\/a><\/div><\/div><\/div><\/div><\/div><\/div><\/div><\/div><\/div><\/div><div id=\"soumission\" class=\"vc_row wpb_row vc_row-fluid edgtf-section vc_custom_1557443549276 edgtf-content-aligment-center\" style=\"\"><div class=\"clearfix edgtf-full-section-inner\"><div class=\"wpb_column vc_column_container vc_col-sm-12 vc_hidden-lg vc_hidden-md\"><div class=\"vc_column-inner\"><div class=\"wpb_wrapper\"><div data-edgtf-parallax-speed=\"1\" class=\"vc_row wpb_row vc_inner vc_row-fluid edgtf-section edgtf-content-aligment-center\" style=\"\"><div class=\"edgtf-full-section-inner\"><div class=\"wpb_column vc_column_container vc_col-sm-12\"><div class=\"vc_column-inner vc_custom_1553127145518\"><div class=\"wpb_wrapper\">\n\t<div class=\"wpb_text_column wpb_content_element  vc_custom_1558387158693\">\n\t\t<div class=\"wpb_wrapper\">\n\t\t\t<h1 class=\"about-title\" style=\"text-align: center;\">QUESTIONS?<\/h1>\n\n\t\t<\/div>\n\t<\/div>\n<a itemprop=\"url\" href=\"https:\/\/bbmlanctot.ca\/english\/nous-joindre\/\" target=\"_self\" style=\"color: #ffffff;border-color: #ffffff;margin: 0px\" class=\"edgtf-btn edgtf-btn-medium edgtf-btn-outline\">\n    <span class=\"edgtf-btn-text\">Contact us<\/span>\n    <\/a><\/div><\/div><\/div><\/div><\/div><\/div><\/div><\/div><\/div><\/div><\/div>","protected":false},"excerpt":{"rendered":"<p>EMPORTE-PI&Egrave;CE EMPORTE-PI&Egrave;CE Contactez-nous La d&eacute;coupe &agrave; l?emporte-pi&egrave;ce est un proc&eacute;d&eacute; ayant une forme tr&egrave;s pr&eacute;cise qui permet de d&eacute;couper d?un seul coup des morceaux. Le carton est plac&eacute; sur une surface plane avec un support arri&egrave;re, puis la matrice est press&eacute;e dans le papier pour [...]<\/p>","protected":false},"author":1,"featured_media":0,"parent":1191,"menu_order":0,"comment_status":"closed","ping_status":"closed","template":"full-width.php","meta":{"footnotes":""},"yoast_head":"<!-- This site is optimized with the Yoast SEO plugin v21.2 - https:\/\/yoast.com\/wordpress\/plugins\/seo\/ -->\n<title>Emporte-pi\u00e8ce - BBM Lanctot<\/title>\n<meta name=\"description\" content=\"La d\u00e9coupe \u00e0 l\u2019emporte-pi\u00e8ce est un proc\u00e9d\u00e9 ayant une forme tr\u00e8s pr\u00e9cise qui permet de d\u00e9couper d\u2019un seul coup des morceaux. Le carton est plac\u00e9 sur une surface plane avec un support arri\u00e8re, puis la matrice est press\u00e9e dans le papier pour le couper.\" \/>\n<meta name=\"robots\" content=\"index, follow, max-snippet:-1, max-image-preview:large, max-video-preview:-1\" \/>\n<link rel=\"canonical\" href=\"https:\/\/bbmlanctot.ca\/english\/home-2\/finition-et-reliure\/emporte-piece\/\" \/>\n<meta property=\"og:locale\" content=\"en_US\" \/>\n<meta property=\"og:type\" content=\"article\" \/>\n<meta property=\"og:title\" content=\"Emporte-pi\u00e8ce - BBM Lanctot\" \/>\n<meta property=\"og:description\" content=\"La d\u00e9coupe \u00e0 l\u2019emporte-pi\u00e8ce est un proc\u00e9d\u00e9 ayant une forme tr\u00e8s pr\u00e9cise qui permet de d\u00e9couper d\u2019un seul coup des morceaux. Le carton est plac\u00e9 sur une surface plane avec un support arri\u00e8re, puis la matrice est press\u00e9e dans le papier pour le couper.\" \/>\n<meta property=\"og:url\" content=\"https:\/\/bbmlanctot.ca\/english\/home-2\/finition-et-reliure\/emporte-piece\/\" \/>\n<meta property=\"og:site_name\" content=\"BBM Lanctot\" \/>\n<meta property=\"article:modified_time\" content=\"2024-04-23T00:59:50+00:00\" \/>\n<meta name=\"twitter:card\" content=\"summary_large_image\" \/>\n<meta name=\"twitter:label1\" content=\"Est. reading time\" \/>\n\t<meta name=\"twitter:data1\" content=\"1 minute\" \/>\n<script type=\"application\/ld+json\" class=\"yoast-schema-graph\">{\"@context\":\"https:\/\/schema.org\",\"@graph\":[{\"@type\":\"WebPage\",\"@id\":\"https:\/\/bbmlanctot.ca\/home-2\/finition-et-reliure\/emporte-piece\/\",\"url\":\"https:\/\/bbmlanctot.ca\/home-2\/finition-et-reliure\/emporte-piece\/\",\"name\":\"Emporte-pi\u00e8ce - BBM Lanctot\",\"isPartOf\":{\"@id\":\"https:\/\/bbmlanctot.ca\/#website\"},\"datePublished\":\"2020-07-16T22:02:12+00:00\",\"dateModified\":\"2024-04-23T00:59:50+00:00\",\"description\":\"La d\u00e9coupe \u00e0 l\u2019emporte-pi\u00e8ce est un proc\u00e9d\u00e9 ayant une forme tr\u00e8s pr\u00e9cise qui permet de d\u00e9couper d\u2019un seul coup des morceaux. Le carton est plac\u00e9 sur une surface plane avec un support arri\u00e8re, puis la matrice est press\u00e9e dans le papier pour le couper.\",\"breadcrumb\":{\"@id\":\"https:\/\/bbmlanctot.ca\/home-2\/finition-et-reliure\/emporte-piece\/#breadcrumb\"},\"inLanguage\":\"en-CA\",\"potentialAction\":[{\"@type\":\"ReadAction\",\"target\":[\"https:\/\/bbmlanctot.ca\/home-2\/finition-et-reliure\/emporte-piece\/\"]}]},{\"@type\":\"BreadcrumbList\",\"@id\":\"https:\/\/bbmlanctot.ca\/home-2\/finition-et-reliure\/emporte-piece\/#breadcrumb\",\"itemListElement\":[{\"@type\":\"ListItem\",\"position\":1,\"name\":\"Home\",\"item\":\"https:\/\/bbmlanctot.ca\/\"},{\"@type\":\"ListItem\",\"position\":2,\"name\":\"Services\",\"item\":\"https:\/\/bbmlanctot.ca\/home-2\/\"},{\"@type\":\"ListItem\",\"position\":3,\"name\":\"Finition et Reliure\",\"item\":\"https:\/\/bbmlanctot.ca\/home-2\/finition-et-reliure\/\"},{\"@type\":\"ListItem\",\"position\":4,\"name\":\"Emporte-pi\u00e8ce\"}]},{\"@type\":\"WebSite\",\"@id\":\"https:\/\/bbmlanctot.ca\/#website\",\"url\":\"https:\/\/bbmlanctot.ca\/\",\"name\":\"BBM Lanctot\",\"description\":\"\",\"potentialAction\":[{\"@type\":\"SearchAction\",\"target\":{\"@type\":\"EntryPoint\",\"urlTemplate\":\"https:\/\/bbmlanctot.ca\/?s={search_term_string}\"},\"query-input\":\"required name=search_term_string\"}],\"inLanguage\":\"en-CA\"}]}<\/script>\n<!-- \/ Yoast SEO plugin. -->","yoast_head_json":{"title":"Emporte-pi\u00e8ce - BBM Lanctot","description":"La d\u00e9coupe \u00e0 l\u2019emporte-pi\u00e8ce est un proc\u00e9d\u00e9 ayant une forme tr\u00e8s pr\u00e9cise qui permet de d\u00e9couper d\u2019un seul coup des morceaux. Le carton est plac\u00e9 sur une surface plane avec un support arri\u00e8re, puis la matrice est press\u00e9e dans le papier pour le couper.","robots":{"index":"index","follow":"follow","max-snippet":"max-snippet:-1","max-image-preview":"max-image-preview:large","max-video-preview":"max-video-preview:-1"},"canonical":"https:\/\/bbmlanctot.ca\/english\/home-2\/finition-et-reliure\/emporte-piece\/","og_locale":"en_US","og_type":"article","og_title":"Emporte-pi\u00e8ce - BBM Lanctot","og_description":"La d\u00e9coupe \u00e0 l\u2019emporte-pi\u00e8ce est un proc\u00e9d\u00e9 ayant une forme tr\u00e8s pr\u00e9cise qui permet de d\u00e9couper d\u2019un seul coup des morceaux. Le carton est plac\u00e9 sur une surface plane avec un support arri\u00e8re, puis la matrice est press\u00e9e dans le papier pour le couper.","og_url":"https:\/\/bbmlanctot.ca\/english\/home-2\/finition-et-reliure\/emporte-piece\/","og_site_name":"BBM Lanctot","article_modified_time":"2024-04-23T00:59:50+00:00","twitter_card":"summary_large_image","twitter_misc":{"Est. reading time":"1 minute"},"schema":{"@context":"https:\/\/schema.org","@graph":[{"@type":"WebPage","@id":"https:\/\/bbmlanctot.ca\/home-2\/finition-et-reliure\/emporte-piece\/","url":"https:\/\/bbmlanctot.ca\/home-2\/finition-et-reliure\/emporte-piece\/","name":"Emporte-pi\u00e8ce - BBM Lanctot","isPartOf":{"@id":"https:\/\/bbmlanctot.ca\/#website"},"datePublished":"2020-07-16T22:02:12+00:00","dateModified":"2024-04-23T00:59:50+00:00","description":"La d\u00e9coupe \u00e0 l\u2019emporte-pi\u00e8ce est un proc\u00e9d\u00e9 ayant une forme tr\u00e8s pr\u00e9cise qui permet de d\u00e9couper d\u2019un seul coup des morceaux. Le carton est plac\u00e9 sur une surface plane avec un support arri\u00e8re, puis la matrice est press\u00e9e dans le papier pour le couper.","breadcrumb":{"@id":"https:\/\/bbmlanctot.ca\/home-2\/finition-et-reliure\/emporte-piece\/#breadcrumb"},"inLanguage":"en-CA","potentialAction":[{"@type":"ReadAction","target":["https:\/\/bbmlanctot.ca\/home-2\/finition-et-reliure\/emporte-piece\/"]}]},{"@type":"BreadcrumbList","@id":"https:\/\/bbmlanctot.ca\/home-2\/finition-et-reliure\/emporte-piece\/#breadcrumb","itemListElement":[{"@type":"ListItem","position":1,"name":"Home","item":"https:\/\/bbmlanctot.ca\/"},{"@type":"ListItem","position":2,"name":"Services","item":"https:\/\/bbmlanctot.ca\/home-2\/"},{"@type":"ListItem","position":3,"name":"Finition et Reliure","item":"https:\/\/bbmlanctot.ca\/home-2\/finition-et-reliure\/"},{"@type":"ListItem","position":4,"name":"Emporte-pi\u00e8ce"}]},{"@type":"WebSite","@id":"https:\/\/bbmlanctot.ca\/#website","url":"https:\/\/bbmlanctot.ca\/","name":"BBM Lanctot","description":"","potentialAction":[{"@type":"SearchAction","target":{"@type":"EntryPoint","urlTemplate":"https:\/\/bbmlanctot.ca\/?s={search_term_string}"},"query-input":"required name=search_term_string"}],"inLanguage":"en-CA"}]}},"_links":{"self":[{"href":"https:\/\/bbmlanctot.ca\/english\/wp-json\/wp\/v2\/pages\/1138"}],"collection":[{"href":"https:\/\/bbmlanctot.ca\/english\/wp-json\/wp\/v2\/pages"}],"about":[{"href":"https:\/\/bbmlanctot.ca\/english\/wp-json\/wp\/v2\/types\/page"}],"author":[{"embeddable":true,"href":"https:\/\/bbmlanctot.ca\/english\/wp-json\/wp\/v2\/users\/1"}],"replies":[{"embeddable":true,"href":"https:\/\/bbmlanctot.ca\/english\/wp-json\/wp\/v2\/comments?post=1138"}],"version-history":[{"count":10,"href":"https:\/\/bbmlanctot.ca\/english\/wp-json\/wp\/v2\/pages\/1138\/revisions"}],"predecessor-version":[{"id":1909,"href":"https:\/\/bbmlanctot.ca\/english\/wp-json\/wp\/v2\/pages\/1138\/revisions\/1909"}],"up":[{"embeddable":true,"href":"https:\/\/bbmlanctot.ca\/english\/wp-json\/wp\/v2\/pages\/1191"}],"wp:attachment":[{"href":"https:\/\/bbmlanctot.ca\/english\/wp-json\/wp\/v2\/media?parent=1138"}],"curies":[{"name":"wp","href":"https:\/\/api.w.org\/{rel}","templated":true}]}}