{"id":1136,"date":"2020-07-16T18:02:02","date_gmt":"2020-07-16T22:02:02","guid":{"rendered":"https:\/\/bbmlanctot.ca\/?page_id=1136"},"modified":"2024-04-22T21:00:46","modified_gmt":"2024-04-23T01:00:46","slug":"estampage-a-chaud","status":"publish","type":"page","link":"https:\/\/bbmlanctot.ca\/english\/home-2\/finition-et-reliure\/estampage-a-chaud\/","title":{"rendered":"<p>Hot stamping<\/p>"},"content":{"rendered":"<div id=\"second-menu\" class=\"vc_row wpb_row vc_row-fluid edgtf-section container_height vc_custom_1557445241160 edgtf-content-aligment-left\" style=\"\"><div class=\"clearfix edgtf-full-section-inner\"><div class=\"wpb_column vc_column_container vc_col-sm-12 vc_hidden-md vc_hidden-sm vc_hidden-xs\"><div class=\"vc_column-inner\"><div class=\"wpb_wrapper\"><div data-edgtf-parallax-speed=\"1\" class=\"vc_row wpb_row vc_inner vc_row-fluid edgtf-section edgtf-content-aligment-left edgtf-grid-section\" style=\"\"><div class=\"edgtf-section-inner\"><div class=\"edgtf-section-inner-margin clearfix\"><div class=\"wpb_column vc_column_container vc_col-sm-2\"><div class=\"vc_column-inner\"><div class=\"wpb_wrapper\">\n\t<div class=\"wpb_text_column wpb_content_element  vc_custom_1610492958288\">\n\t\t<div class=\"wpb_wrapper\">\n\t\t\t<h1>ESTAMPAGE &Agrave; CHAUD<\/h1>\n\n\t\t<\/div>\n\t<\/div>\n<\/div><\/div><\/div><div class=\"wpb_column vc_column_container vc_col-sm-10 vc_hidden-sm vc_hidden-xs\"><div class=\"vc_column-inner\"><div class=\"wpb_wrapper\">\n\t<div class=\"wpb_raw_code wpb_content_element wpb_raw_html\">\n\t\t<div class=\"wpb_wrapper\">\n\t\t\t\n\t\t<\/div>\n\t<\/div>\n<\/div><\/div><\/div><\/div><\/div><\/div><\/div><\/div><\/div><\/div><div class=\"vc_row wpb_row vc_row-fluid edgtf-section container_height jumbotron vc_custom_1557445041191 edgtf-content-aligment-left\" style=\"\"><div class=\"clearfix edgtf-full-section-inner\"><div class=\"wpb_column vc_column_container vc_col-sm-12\"><div class=\"vc_column-inner\"><div class=\"wpb_wrapper\"><div data-edgtf-parallax-speed=\"1\" class=\"vc_row wpb_row vc_inner vc_row-fluid edgtf-section jumbotron_width vc_custom_1598391987049 edgtf-content-aligment-left edgtf-grid-section\" style=\"\"><div class=\"edgtf-section-inner\"><div class=\"edgtf-section-inner-margin clearfix\"><div class=\"box_size2 vertical-align-content content-max-width wpb_column vc_column_container vc_col-sm-12\"><div class=\"vc_column-inner vc_custom_1557444914627\"><div class=\"wpb_wrapper\">\n\t<div class=\"wpb_text_column wpb_content_element\">\n\t\t<div class=\"wpb_wrapper\">\n\t\t\t<h1>ESTAMPAGE &Agrave; CHAUD<\/h1>\n\n\t\t<\/div>\n\t<\/div>\n<a itemprop=\"url\" href=\"https:\/\/bbmlanctot.ca\/english\/nous-joindre\/\" target=\"_self\" style=\"color: #ffffff;margin: 24px 0 0 0\" class=\"edgtf-btn edgtf-btn-medium edgtf-btn-solid edgtf-btn-custom-hover-color\" data-hover-color=\"#ffffff\">\n    <span class=\"edgtf-btn-text\">Contact us<\/span>\n    <\/a><\/div><\/div><\/div><\/div><\/div><\/div><div data-edgtf-parallax-speed=\"1\" class=\"vc_row wpb_row vc_inner vc_row-fluid edgtf-section edgtf-content-aligment-left\" style=\"\"><div class=\"edgtf-full-section-inner\"><div class=\"wpb_column vc_column_container vc_col-sm-12\"><div class=\"vc_column-inner\"><div class=\"wpb_wrapper\"><div class=\"vc_icon_element vc_icon_element-outer wpb_animate_when_almost_visible wpb_slideInDown slideInDown vc_icon_element-align-center\"><div class=\"vc_icon_element-inner vc_icon_element-color-black vc_icon_element-size-md vc_icon_element-style- vc_icon_element-background-color-grey\"><span class=\"vc_icon_element-icon vc-material vc-material-keyboard_arrow_down\"><\/span><\/div><\/div><\/div><\/div><\/div><\/div><\/div><\/div><\/div><\/div><\/div><\/div><div id=\"contentWrapper\" class=\"vc_row wpb_row vc_row-fluid edgtf-section contentWrapper container_heigh vc_custom_1610072082232 edgtf-content-aligment-left edgtf-grid-section\" style=\"\"><div class=\"clearfix edgtf-section-inner\"><div class=\"edgtf-section-inner-margin clearfix\"><div class=\"wpb_column vc_column_container vc_col-sm-12\"><div class=\"vc_column-inner\"><div class=\"wpb_wrapper\"><div data-edgtf-parallax-speed=\"1\" class=\"vc_row wpb_row vc_inner vc_row-fluid edgtf-section edgtf-content-aligment-left\" style=\"\"><div class=\"edgtf-full-section-inner\"><div class=\"wpb_column vc_column_container vc_col-sm-12\"><div class=\"vc_column-inner\"><div class=\"wpb_wrapper\">\n\t<div class=\"wpb_text_column wpb_content_element\">\n\t\t<div class=\"wpb_wrapper\">\n\t\t\t<p>L?estampage &agrave; chaud est une m&eacute;thode permanente, technique d?impression au cours de laquelle une mince feuille pigment&eacute;e ou m&eacute;tallis&eacute;e est press&eacute;e contre une surface, telle que le carton, le papier, &agrave; l?aide d?une semelle chauffante, ce qui provoque le transfert du pigment ou du m&eacute;tal sur la surface &agrave; imprimer.<\/p>\n\n\t\t<\/div>\n\t<\/div>\n<\/div><\/div><\/div><\/div><\/div><\/div><\/div><\/div><\/div><\/div><\/div><div id=\"soumission\" class=\"vc_row wpb_row vc_row-fluid edgtf-section vc_custom_1713834037844 edgtf-content-aligment-center\" style=\"\"><div class=\"clearfix edgtf-full-section-inner\"><div class=\"wpb_column vc_column_container vc_col-sm-12 vc_hidden-sm vc_hidden-xs\"><div class=\"vc_column-inner\"><div class=\"wpb_wrapper\"><div data-edgtf-parallax-speed=\"1\" class=\"vc_row wpb_row vc_inner vc_row-fluid edgtf-section edgtf-content-aligment-left\" style=\"\"><div class=\"edgtf-full-section-inner\"><div class=\"box_size vertical-align-content wpb_column vc_column_container vc_col-sm-6\"><div class=\"vc_column-inner vc_custom_1551633083223\"><div class=\"wpb_wrapper\">\n\t<div class=\"wpb_text_column wpb_content_element\">\n\t\t<div class=\"wpb_wrapper\">\n\t\t\t<h1 class=\"about-title\">QUESTIONS?<\/h1>\n\n\t\t<\/div>\n\t<\/div>\n<\/div><\/div><\/div><div class=\"box_size vertical-align-content wpb_column vc_column_container vc_col-sm-6\"><div class=\"vc_column-inner vc_custom_1551554802531\"><div class=\"wpb_wrapper\"><a itemprop=\"url\" href=\"https:\/\/bbmlanctot.ca\/english\/nous-joindre\/\" target=\"_self\" style=\"color: #ffffff;border-color: #ffffff;margin: 0px\" class=\"edgtf-btn edgtf-btn-medium edgtf-btn-outline\">\n    <span class=\"edgtf-btn-text\">Contact us<\/span>\n    <\/a><\/div><\/div><\/div><\/div><\/div><\/div><\/div><\/div><\/div><\/div><div id=\"soumission\" class=\"vc_row wpb_row vc_row-fluid edgtf-section vc_custom_1713834044209 edgtf-content-aligment-center\" style=\"\"><div class=\"clearfix edgtf-full-section-inner\"><div class=\"wpb_column vc_column_container vc_col-sm-12 vc_hidden-lg vc_hidden-md\"><div class=\"vc_column-inner\"><div class=\"wpb_wrapper\"><div data-edgtf-parallax-speed=\"1\" class=\"vc_row wpb_row vc_inner vc_row-fluid edgtf-section edgtf-content-aligment-center\" style=\"\"><div class=\"edgtf-full-section-inner\"><div class=\"wpb_column vc_column_container vc_col-sm-12\"><div class=\"vc_column-inner vc_custom_1553127145518\"><div class=\"wpb_wrapper\">\n\t<div class=\"wpb_text_column wpb_content_element  vc_custom_1558387158693\">\n\t\t<div class=\"wpb_wrapper\">\n\t\t\t<h1 class=\"about-title\" style=\"text-align: center;\">QUESTIONS?<\/h1>\n\n\t\t<\/div>\n\t<\/div>\n<a itemprop=\"url\" href=\"https:\/\/bbmlanctot.ca\/english\/nous-joindre\/\" target=\"_self\" style=\"color: #ffffff;border-color: #ffffff;margin: 0px\" class=\"edgtf-btn edgtf-btn-medium edgtf-btn-outline\">\n    <span class=\"edgtf-btn-text\">Contact us<\/span>\n    <\/a><\/div><\/div><\/div><\/div><\/div><\/div><\/div><\/div><\/div><\/div><\/div>","protected":false},"excerpt":{"rendered":"<p>ESTAMPAGE &Agrave; CHAUD ESTAMPAGE &Agrave; CHAUD Contactez-nous L?estampage &agrave; chaud est une m&eacute;thode permanente, technique d?impression au cours de laquelle une mince feuille pigment&eacute;e ou m&eacute;tallis&eacute;e est press&eacute;e contre une surface, telle que le carton, le papier, &agrave; l?aide d?une semelle chauffante, ce qui provoque [...]<\/p>","protected":false},"author":1,"featured_media":0,"parent":1191,"menu_order":0,"comment_status":"closed","ping_status":"closed","template":"full-width.php","meta":{"footnotes":""},"yoast_head":"<!-- This site is optimized with the Yoast SEO plugin v21.2 - https:\/\/yoast.com\/wordpress\/plugins\/seo\/ -->\n<title>Estampage \u00e0 chaud - BBM Lanctot<\/title>\n<meta name=\"description\" content=\"L\u2019estampage \u00e0 chaud est une m\u00e9thode permanente, technique d\u2019impression au cours de laquelle une mince feuille pigment\u00e9e ou m\u00e9tallis\u00e9e est press\u00e9e contre une surface, telle que le carton, le papier, \u00e0 l\u2019aide d\u2019une semelle chauffante, ce qui provoque le transfert du pigment ou du m\u00e9tal sur la surface \u00e0 imprimer.\" \/>\n<meta name=\"robots\" content=\"index, follow, max-snippet:-1, max-image-preview:large, max-video-preview:-1\" \/>\n<link rel=\"canonical\" href=\"https:\/\/bbmlanctot.ca\/english\/home-2\/finition-et-reliure\/estampage-a-chaud\/\" \/>\n<meta property=\"og:locale\" content=\"en_US\" \/>\n<meta property=\"og:type\" content=\"article\" \/>\n<meta property=\"og:title\" content=\"Estampage \u00e0 chaud - BBM Lanctot\" \/>\n<meta property=\"og:description\" content=\"L\u2019estampage \u00e0 chaud est une m\u00e9thode permanente, technique d\u2019impression au cours de laquelle une mince feuille pigment\u00e9e ou m\u00e9tallis\u00e9e est press\u00e9e contre une surface, telle que le carton, le papier, \u00e0 l\u2019aide d\u2019une semelle chauffante, ce qui provoque le transfert du pigment ou du m\u00e9tal sur la surface \u00e0 imprimer.\" \/>\n<meta property=\"og:url\" content=\"https:\/\/bbmlanctot.ca\/english\/home-2\/finition-et-reliure\/estampage-a-chaud\/\" \/>\n<meta property=\"og:site_name\" content=\"BBM Lanctot\" \/>\n<meta property=\"article:modified_time\" content=\"2024-04-23T01:00:46+00:00\" \/>\n<meta name=\"twitter:card\" content=\"summary_large_image\" \/>\n<meta name=\"twitter:label1\" content=\"Est. reading time\" \/>\n\t<meta name=\"twitter:data1\" content=\"2 minutes\" \/>\n<script type=\"application\/ld+json\" class=\"yoast-schema-graph\">{\"@context\":\"https:\/\/schema.org\",\"@graph\":[{\"@type\":\"WebPage\",\"@id\":\"https:\/\/bbmlanctot.ca\/home-2\/finition-et-reliure\/estampage-a-chaud\/\",\"url\":\"https:\/\/bbmlanctot.ca\/home-2\/finition-et-reliure\/estampage-a-chaud\/\",\"name\":\"Estampage \u00e0 chaud - BBM Lanctot\",\"isPartOf\":{\"@id\":\"https:\/\/bbmlanctot.ca\/#website\"},\"datePublished\":\"2020-07-16T22:02:02+00:00\",\"dateModified\":\"2024-04-23T01:00:46+00:00\",\"description\":\"L\u2019estampage \u00e0 chaud est une m\u00e9thode permanente, technique d\u2019impression au cours de laquelle une mince feuille pigment\u00e9e ou m\u00e9tallis\u00e9e est press\u00e9e contre une surface, telle que le carton, le papier, \u00e0 l\u2019aide d\u2019une semelle chauffante, ce qui provoque le transfert du pigment ou du m\u00e9tal sur la surface \u00e0 imprimer.\",\"breadcrumb\":{\"@id\":\"https:\/\/bbmlanctot.ca\/home-2\/finition-et-reliure\/estampage-a-chaud\/#breadcrumb\"},\"inLanguage\":\"en-CA\",\"potentialAction\":[{\"@type\":\"ReadAction\",\"target\":[\"https:\/\/bbmlanctot.ca\/home-2\/finition-et-reliure\/estampage-a-chaud\/\"]}]},{\"@type\":\"BreadcrumbList\",\"@id\":\"https:\/\/bbmlanctot.ca\/home-2\/finition-et-reliure\/estampage-a-chaud\/#breadcrumb\",\"itemListElement\":[{\"@type\":\"ListItem\",\"position\":1,\"name\":\"Home\",\"item\":\"https:\/\/bbmlanctot.ca\/\"},{\"@type\":\"ListItem\",\"position\":2,\"name\":\"Services\",\"item\":\"https:\/\/bbmlanctot.ca\/home-2\/\"},{\"@type\":\"ListItem\",\"position\":3,\"name\":\"Finition et Reliure\",\"item\":\"https:\/\/bbmlanctot.ca\/home-2\/finition-et-reliure\/\"},{\"@type\":\"ListItem\",\"position\":4,\"name\":\"Estampage \u00e0 chaud\"}]},{\"@type\":\"WebSite\",\"@id\":\"https:\/\/bbmlanctot.ca\/#website\",\"url\":\"https:\/\/bbmlanctot.ca\/\",\"name\":\"BBM Lanctot\",\"description\":\"\",\"potentialAction\":[{\"@type\":\"SearchAction\",\"target\":{\"@type\":\"EntryPoint\",\"urlTemplate\":\"https:\/\/bbmlanctot.ca\/?s={search_term_string}\"},\"query-input\":\"required name=search_term_string\"}],\"inLanguage\":\"en-CA\"}]}<\/script>\n<!-- \/ Yoast SEO plugin. -->","yoast_head_json":{"title":"Estampage \u00e0 chaud - BBM Lanctot","description":"L\u2019estampage \u00e0 chaud est une m\u00e9thode permanente, technique d\u2019impression au cours de laquelle une mince feuille pigment\u00e9e ou m\u00e9tallis\u00e9e est press\u00e9e contre une surface, telle que le carton, le papier, \u00e0 l\u2019aide d\u2019une semelle chauffante, ce qui provoque le transfert du pigment ou du m\u00e9tal sur la surface \u00e0 imprimer.","robots":{"index":"index","follow":"follow","max-snippet":"max-snippet:-1","max-image-preview":"max-image-preview:large","max-video-preview":"max-video-preview:-1"},"canonical":"https:\/\/bbmlanctot.ca\/english\/home-2\/finition-et-reliure\/estampage-a-chaud\/","og_locale":"en_US","og_type":"article","og_title":"Estampage \u00e0 chaud - BBM Lanctot","og_description":"L\u2019estampage \u00e0 chaud est une m\u00e9thode permanente, technique d\u2019impression au cours de laquelle une mince feuille pigment\u00e9e ou m\u00e9tallis\u00e9e est press\u00e9e contre une surface, telle que le carton, le papier, \u00e0 l\u2019aide d\u2019une semelle chauffante, ce qui provoque le transfert du pigment ou du m\u00e9tal sur la surface \u00e0 imprimer.","og_url":"https:\/\/bbmlanctot.ca\/english\/home-2\/finition-et-reliure\/estampage-a-chaud\/","og_site_name":"BBM Lanctot","article_modified_time":"2024-04-23T01:00:46+00:00","twitter_card":"summary_large_image","twitter_misc":{"Est. reading time":"2 minutes"},"schema":{"@context":"https:\/\/schema.org","@graph":[{"@type":"WebPage","@id":"https:\/\/bbmlanctot.ca\/home-2\/finition-et-reliure\/estampage-a-chaud\/","url":"https:\/\/bbmlanctot.ca\/home-2\/finition-et-reliure\/estampage-a-chaud\/","name":"Estampage \u00e0 chaud - BBM Lanctot","isPartOf":{"@id":"https:\/\/bbmlanctot.ca\/#website"},"datePublished":"2020-07-16T22:02:02+00:00","dateModified":"2024-04-23T01:00:46+00:00","description":"L\u2019estampage \u00e0 chaud est une m\u00e9thode permanente, technique d\u2019impression au cours de laquelle une mince feuille pigment\u00e9e ou m\u00e9tallis\u00e9e est press\u00e9e contre une surface, telle que le carton, le papier, \u00e0 l\u2019aide d\u2019une semelle chauffante, ce qui provoque le transfert du pigment ou du m\u00e9tal sur la surface \u00e0 imprimer.","breadcrumb":{"@id":"https:\/\/bbmlanctot.ca\/home-2\/finition-et-reliure\/estampage-a-chaud\/#breadcrumb"},"inLanguage":"en-CA","potentialAction":[{"@type":"ReadAction","target":["https:\/\/bbmlanctot.ca\/home-2\/finition-et-reliure\/estampage-a-chaud\/"]}]},{"@type":"BreadcrumbList","@id":"https:\/\/bbmlanctot.ca\/home-2\/finition-et-reliure\/estampage-a-chaud\/#breadcrumb","itemListElement":[{"@type":"ListItem","position":1,"name":"Home","item":"https:\/\/bbmlanctot.ca\/"},{"@type":"ListItem","position":2,"name":"Services","item":"https:\/\/bbmlanctot.ca\/home-2\/"},{"@type":"ListItem","position":3,"name":"Finition et Reliure","item":"https:\/\/bbmlanctot.ca\/home-2\/finition-et-reliure\/"},{"@type":"ListItem","position":4,"name":"Estampage \u00e0 chaud"}]},{"@type":"WebSite","@id":"https:\/\/bbmlanctot.ca\/#website","url":"https:\/\/bbmlanctot.ca\/","name":"BBM Lanctot","description":"","potentialAction":[{"@type":"SearchAction","target":{"@type":"EntryPoint","urlTemplate":"https:\/\/bbmlanctot.ca\/?s={search_term_string}"},"query-input":"required name=search_term_string"}],"inLanguage":"en-CA"}]}},"_links":{"self":[{"href":"https:\/\/bbmlanctot.ca\/english\/wp-json\/wp\/v2\/pages\/1136"}],"collection":[{"href":"https:\/\/bbmlanctot.ca\/english\/wp-json\/wp\/v2\/pages"}],"about":[{"href":"https:\/\/bbmlanctot.ca\/english\/wp-json\/wp\/v2\/types\/page"}],"author":[{"embeddable":true,"href":"https:\/\/bbmlanctot.ca\/english\/wp-json\/wp\/v2\/users\/1"}],"replies":[{"embeddable":true,"href":"https:\/\/bbmlanctot.ca\/english\/wp-json\/wp\/v2\/comments?post=1136"}],"version-history":[{"count":10,"href":"https:\/\/bbmlanctot.ca\/english\/wp-json\/wp\/v2\/pages\/1136\/revisions"}],"predecessor-version":[{"id":1910,"href":"https:\/\/bbmlanctot.ca\/english\/wp-json\/wp\/v2\/pages\/1136\/revisions\/1910"}],"up":[{"embeddable":true,"href":"https:\/\/bbmlanctot.ca\/english\/wp-json\/wp\/v2\/pages\/1191"}],"wp:attachment":[{"href":"https:\/\/bbmlanctot.ca\/english\/wp-json\/wp\/v2\/media?parent=1136"}],"curies":[{"name":"wp","href":"https:\/\/api.w.org\/{rel}","templated":true}]}}